{"id":19,"date":"2025-11-21T11:09:39","date_gmt":"2025-11-21T10:09:39","guid":{"rendered":"https:\/\/saxandale.info\/?page_id=19"},"modified":"2025-11-28T15:18:26","modified_gmt":"2025-11-28T14:18:26","slug":"je-danse","status":"publish","type":"page","link":"https:\/\/saxandale.info\/index.php\/je-danse\/","title":{"rendered":"Je Danse"},"content":{"rendered":"\t\t<div data-elementor-type=\"wp-page\" data-elementor-id=\"19\" class=\"elementor elementor-19\">\n\t\t\t\t<div class=\"elementor-element elementor-element-7dcaa5cc e-flex e-con-boxed e-con e-parent\" data-id=\"7dcaa5cc\" data-element_type=\"container\" data-e-type=\"container\">\n\t\t\t\t\t<div class=\"e-con-inner\">\n\t\t\t\t<div class=\"elementor-element elementor-element-43fc53cf elementor-widget elementor-widget-spacer\" data-id=\"43fc53cf\" data-element_type=\"widget\" data-e-type=\"widget\" data-widget_type=\"spacer.default\">\n\t\t\t\t\t\t\t<div class=\"elementor-spacer\">\n\t\t\t<div class=\"elementor-spacer-inner\"><\/div>\n\t\t<\/div>\n\t\t\t\t\t\t<\/div>\n\t\t\t\t<div class=\"elementor-element elementor-element-141ab79 elementor-widget elementor-widget-image\" data-id=\"141ab79\" data-element_type=\"widget\" data-e-type=\"widget\" data-widget_type=\"image.default\">\n\t\t\t\t\t\t\t\t\t\t\t\t\t\t\t<img decoding=\"async\" src=\"https:\/\/saxandale.info\/wp-content\/uploads\/elementor\/thumbs\/Je-Danse-Logo-2025-slogan-colorato-Blood-Red-rf10foq0p7iogt4m4he6d6fxv28ltm68v6wfart9a8.png\" title=\"Je Danse &#8211; Logo 2025 + slogan colorato &#8211; Blood Red\" alt=\"Je Danse + slogan - Blood Red\" loading=\"lazy\" \/>\t\t\t\t\t\t\t\t\t\t\t\t\t\t\t<\/div>\n\t\t\t\t\t<\/div>\n\t\t\t\t<\/div>\n\t\t<div class=\"elementor-element elementor-element-2c613088 e-flex e-con-boxed e-con e-parent\" data-id=\"2c613088\" data-element_type=\"container\" data-e-type=\"container\">\n\t\t\t\t\t<div class=\"e-con-inner\">\n\t\t\t\t<div class=\"elementor-element elementor-element-6fe2dbbf elementor-widget elementor-widget-spacer\" data-id=\"6fe2dbbf\" data-element_type=\"widget\" data-e-type=\"widget\" data-widget_type=\"spacer.default\">\n\t\t\t\t\t\t\t<div class=\"elementor-spacer\">\n\t\t\t<div class=\"elementor-spacer-inner\"><\/div>\n\t\t<\/div>\n\t\t\t\t\t\t<\/div>\n\t\t\t\t\t<\/div>\n\t\t\t\t<\/div>\n\t\t<div class=\"elementor-element elementor-element-65a0c35 e-flex e-con-boxed e-con e-parent\" data-id=\"65a0c35\" data-element_type=\"container\" data-e-type=\"container\" data-settings=\"{&quot;background_background&quot;:&quot;classic&quot;}\">\n\t\t\t\t\t<div class=\"e-con-inner\">\n\t\t<div class=\"elementor-element elementor-element-52ac9199 e-con-full e-flex e-con e-child\" data-id=\"52ac9199\" data-element_type=\"container\" data-e-type=\"container\">\n\t\t\t\t<div class=\"elementor-element elementor-element-d361f6f elementor-widget elementor-widget-heading\" data-id=\"d361f6f\" data-element_type=\"widget\" data-e-type=\"widget\" data-widget_type=\"heading.default\">\n\t\t\t\t\t<h1 class=\"elementor-heading-title elementor-size-default\">Je Danse  - Le cours en ligne<\/h1>\t\t\t\t<\/div>\n\t\t\t\t<div class=\"elementor-element elementor-element-7b83f9cb elementor-widget elementor-widget-heading\" data-id=\"7b83f9cb\" data-element_type=\"widget\" data-e-type=\"widget\" data-widget_type=\"heading.default\">\n\t\t\t\t\t<h2 class=\"elementor-heading-title elementor-size-default\">Le seul cours en fran\u00e7ais qui vous permettra d'apprendre \u00e0 danser le Lindy hop en partant de z\u00e9ro, en 70 jours.<\/h2>\t\t\t\t<\/div>\n\t\t\t\t<div class=\"elementor-element elementor-element-70428c4 elementor-widget elementor-widget-text-editor\" data-id=\"70428c4\" data-element_type=\"widget\" data-e-type=\"widget\" data-widget_type=\"text-editor.default\">\n\t\t\t\t\t\t\t\t\t<p style=\"text-align: center;\"><strong data-start=\"75\" data-end=\"151\">Une version am\u00e9lior\u00e9e de ce cours en ligne de Lindy Hop arrive bient\u00f4t !<\/strong><br data-start=\"151\" data-end=\"154\" \/>Plus claire, plus compl\u00e8te, avec encore plus de vid\u00e9os, de bonus et d\u2019outils pratiques pour progresser \u00e0 votre rythme.<\/p>\t\t\t\t\t\t\t\t<\/div>\n\t\t\t\t<div class=\"elementor-element elementor-element-7d935161 elementor-widget elementor-widget-spacer\" data-id=\"7d935161\" data-element_type=\"widget\" data-e-type=\"widget\" data-widget_type=\"spacer.default\">\n\t\t\t\t\t\t\t<div class=\"elementor-spacer\">\n\t\t\t<div class=\"elementor-spacer-inner\"><\/div>\n\t\t<\/div>\n\t\t\t\t\t\t<\/div>\n\t\t\t\t<div class=\"elementor-element elementor-element-7544d09e premium-countdown-block premium-lq__none elementor-widget elementor-widget-premium-countdown-timer\" data-id=\"7544d09e\" data-element_type=\"widget\" data-e-type=\"widget\" data-widget_type=\"premium-countdown-timer.default\">\n\t\t\t\t\t\t\t<div class=\"premium-countdown premium-countdown-separator-yes\" data-settings=\"{&quot;until&quot;:{&quot;date&quot;:&quot;2026-09-12 14:42:17.000000&quot;,&quot;timezone_type&quot;:2,&quot;timezone&quot;:&quot;GMT&quot;},&quot;serverSync&quot;:&quot;2026\\\/04\\\/14 20:04:17&quot;,&quot;format&quot;:&quot;DHMS&quot;,&quot;event&quot;:&quot;text&quot;,&quot;changeTo&quot;:null,&quot;text&quot;:&quot;&quot;,&quot;separator&quot;:&quot;:&quot;,&quot;timerType&quot;:&quot;evergreen&quot;,&quot;unitsPos&quot;:&quot;block&quot;,&quot;reset&quot;:true,&quot;style&quot;:&quot;default&quot;,&quot;lang&quot;:&quot;french&quot;}\">\n\t\t\t<div class=\"countdown premium-countdown-init premium-countdown-default\"><\/div>\n\n\t\t\t\n\t\t\t\t<div class=\"premium-countdown-exp-message premium-addons__v-hidden\">\n\t\t\t\t\tCountdown Expired!\t\t\t\t<\/div>\n\t\t\t\t\t<\/div>\n\t\t\t\t\t\t<\/div>\n\t\t\t\t<\/div>\n\t\t\t\t\t<\/div>\n\t\t\t\t<\/div>\n\t\t\t\t<\/div>\n\t\t","protected":false},"excerpt":{"rendered":"<p>Je Danse &#8211; Le cours en ligne Le seul cours en fran\u00e7ais qui vous permettra d&#8217;apprendre \u00e0 danser le Lindy hop en partant de z\u00e9ro, en 70 jours. Une version am\u00e9lior\u00e9e de ce cours en ligne de Lindy Hop arrive bient\u00f4t !Plus claire, plus compl\u00e8te, avec encore plus de vid\u00e9os, de bonus et d\u2019outils pratiques [&hellip;]<\/p>\n","protected":false},"author":1,"featured_media":0,"parent":0,"menu_order":0,"comment_status":"closed","ping_status":"closed","template":"","meta":{"footnotes":""},"class_list":["post-19","page","type-page","status-publish","hentry"],"_links":{"self":[{"href":"https:\/\/saxandale.info\/index.php\/wp-json\/wp\/v2\/pages\/19","targetHints":{"allow":["GET"]}}],"collection":[{"href":"https:\/\/saxandale.info\/index.php\/wp-json\/wp\/v2\/pages"}],"about":[{"href":"https:\/\/saxandale.info\/index.php\/wp-json\/wp\/v2\/types\/page"}],"author":[{"embeddable":true,"href":"https:\/\/saxandale.info\/index.php\/wp-json\/wp\/v2\/users\/1"}],"replies":[{"embeddable":true,"href":"https:\/\/saxandale.info\/index.php\/wp-json\/wp\/v2\/comments?post=19"}],"version-history":[{"count":24,"href":"https:\/\/saxandale.info\/index.php\/wp-json\/wp\/v2\/pages\/19\/revisions"}],"predecessor-version":[{"id":501,"href":"https:\/\/saxandale.info\/index.php\/wp-json\/wp\/v2\/pages\/19\/revisions\/501"}],"wp:attachment":[{"href":"https:\/\/saxandale.info\/index.php\/wp-json\/wp\/v2\/media?parent=19"}],"curies":[{"name":"wp","href":"https:\/\/api.w.org\/{rel}","templated":true}]}}