{"id":39,"date":"2025-09-04T13:04:38","date_gmt":"2025-09-04T11:04:38","guid":{"rendered":"https:\/\/saxandale.info\/?page_id=39"},"modified":"2026-03-16T11:43:36","modified_gmt":"2026-03-16T10:43:36","slug":"sax-ale","status":"publish","type":"page","link":"https:\/\/saxandale.info\/index.php\/sax-ale\/","title":{"rendered":"Sax &amp; Ale &#8211; Biographie"},"content":{"rendered":"\t\t<div data-elementor-type=\"wp-page\" data-elementor-id=\"39\" class=\"elementor elementor-39\">\n\t\t\t\t<div class=\"elementor-element elementor-element-3ef5774f e-flex e-con-boxed e-con e-parent\" data-id=\"3ef5774f\" data-element_type=\"container\" data-e-type=\"container\">\n\t\t\t\t\t<div class=\"e-con-inner\">\n\t\t\t\t<div class=\"elementor-element elementor-element-836dfe6 elementor-widget elementor-widget-spacer\" data-id=\"836dfe6\" data-element_type=\"widget\" data-e-type=\"widget\" data-widget_type=\"spacer.default\">\n\t\t\t\t\t\t\t<div class=\"elementor-spacer\">\n\t\t\t<div class=\"elementor-spacer-inner\"><\/div>\n\t\t<\/div>\n\t\t\t\t\t\t<\/div>\n\t\t\t\t<div class=\"elementor-element elementor-element-b4c3907 elementor-widget elementor-widget-heading\" data-id=\"b4c3907\" data-element_type=\"widget\" data-e-type=\"widget\" data-widget_type=\"heading.default\">\n\t\t\t\t\t<h1 class=\"elementor-heading-title elementor-size-default\">Sax &amp; Ale - Biographie<\/h1>\t\t\t\t<\/div>\n\t\t\t\t<div class=\"elementor-element elementor-element-335f5c30 elementor-widget elementor-widget-text-editor\" data-id=\"335f5c30\" data-element_type=\"widget\" data-e-type=\"widget\" data-widget_type=\"text-editor.default\">\n\t\t\t\t\t\t\t\t\t\n<p>Professeurs m\u00e9ticuleux et passionn\u00e9s, amoureux du jazz traditionnel de La Nouvelle-Orl\u00e9ans jusqu\u2019au jazz moderne, fascin\u00e9s par tous les mouvements que l\u2019on peut exprimer sur la musique swing, <strong>Sacha et Alessandra Alvisi \u2013 alias Sax &amp; Ale \u2013 consacrent leur vie au Lindy Hop depuis 2009<\/strong>.<\/p>\n\n<p>Leur histoire artistique d\u00e9bute au d\u00e9but des ann\u00e9es 1990, dans la province de Bologne en \u00c9milie-Romagne, l\u2019une des r\u00e9gions phares de la danse en Italie. Leur parcours est d\u2019abord tr\u00e8s \u00e9clectique : du boogie-woogie au hip-hop, de la danse contemporaine au twist, en passant par les danses latines. Sur les pistes de comp\u00e9tition, leurs chemins se croisent et se distinguent, cumulant <strong>3 titres de Champions du Monde et plus de 20 titres de Champions d\u2019Italie<\/strong>.<\/p>\n\n<p>\u00c0 l\u2019\u00e9t\u00e9 2009, alors qu\u2019ils brillaient chacun dans des couples distincts, ils d\u00e9cident d\u2019unir leurs forces pour explorer un univers encore peu connu en Italie : <strong>les danses swing<\/strong>. Ils rejoignent ainsi le premier groupe de spectacles swing jamais cr\u00e9\u00e9 dans le pays, <em>The Wops<\/em>, avant de fonder en 2011 leur propre compagnie : la <strong>Nagasaki Swing Team<\/strong>.<\/p>\n\n<p>En trois ans, avec leur troupe d\u00e9jant\u00e9e et cr\u00e9ative, ils cr\u00e9ent, mettent en sc\u00e8ne et interpr\u00e8tent deux com\u00e9dies musicales enti\u00e8rement d\u00e9di\u00e9es aux danses swing (<em><a href=\"https:\/\/youtu.be\/yRZ87ePOiys?si=9NrMHLAXVjYSQ_b_\">The Club<\/a><\/em> et <em><a href=\"https:\/\/youtu.be\/xluRvy5Dw7Y?si=kgHT_vhumKG8Nz3N\">Swing Express<\/a><\/em> cliquez pour voir de quoi il s&#8217;agit), jou\u00e9es en tourn\u00e9e \u00e0 travers l\u2019Italie.<\/p>\n\n<p>En parall\u00e8le, leur d\u00e9sir de partage grandit : en 2010, ils ouvrent \u00e0 Bologne <strong>les premiers cours de Lindy Hop de la ville<\/strong>. Tr\u00e8s vite, leurs classes se multiplient \u00e0 Mod\u00e8ne, Imola et Forl\u00ec, tout en animant ateliers et workshops dans toute l\u2019Italie.<\/p>\n\n<p>D\u00e9sireux d\u2019approfondir leur art, Sax &amp; Ale s\u2019installent ensuite \u00e0 Montpellier pour se former aupr\u00e8s de l\u2019une des \u00e9coles les plus renomm\u00e9es d\u2019Europe, le <strong>SwingJammerz<\/strong>. Ce choix marque le tournant d\u00e9cisif qui fait de leur r\u00eave d\u2019\u00eatre danseurs et professeurs professionnels une r\u00e9alit\u00e9.<\/p>\n\n<p>Apr\u00e8s un d\u00e9but marqu\u00e9 par la barri\u00e8re de la langue, leurs efforts paient : ils commencent \u00e0 enseigner \u00e0 Montpellier, puis sont invit\u00e9s \u00e0 se produire et \u00e0 donner des stages dans des festivals swing internationaux. Leur carri\u00e8re d\u00e9colle !<\/p>\n\n<p>En six ans, ils parcourent l\u2019Europe et enseignent dans plus de <strong>40 villes de 10 pays<\/strong> (Pologne, Italie, Espagne, France, Belgique, Allemagne, Su\u00e8de, Royaume-Uni, Suisse et Pays-Bas), partageant leur passion avec plus de <strong>6 000 \u00e9l\u00e8ves<\/strong>.<\/p>\n\n<p>Aujourd\u2019hui install\u00e9s \u00e0 Bruxelles, ils dirigent leur propre \u00e9cole qui accueille environ <strong>700 \u00e9l\u00e8ves par an<\/strong>, avec pour mission de transmettre au plus grand nombre l\u2019\u00e9nergie et la joie du swing.<\/p>\n\n<p>Leur r\u00eave est clair et ambitieux :<br \/><strong>faire danser 600 000 personnes au cours des dix prochaines ann\u00e9es !<\/strong><\/p>\n\t\t\t\t\t\t\t\t<\/div>\n\t\t\t\t<div class=\"elementor-element elementor-element-1292148 elementor-widget elementor-widget-image\" data-id=\"1292148\" data-element_type=\"widget\" data-e-type=\"widget\" data-widget_type=\"image.default\">\n\t\t\t\t\t\t\t\t\t\t\t\t\t\t\t<img fetchpriority=\"high\" decoding=\"async\" width=\"2560\" height=\"1920\" src=\"https:\/\/saxandale.info\/wp-content\/uploads\/2025\/09\/IMG_3652-scaled.jpeg\" class=\"attachment-full size-full wp-image-236\" alt=\"Sax &amp; Ale Bio\" srcset=\"https:\/\/saxandale.info\/wp-content\/uploads\/2025\/09\/IMG_3652-scaled.jpeg 2560w, https:\/\/saxandale.info\/wp-content\/uploads\/2025\/09\/IMG_3652-300x225.jpeg 300w, https:\/\/saxandale.info\/wp-content\/uploads\/2025\/09\/IMG_3652-1024x768.jpeg 1024w, https:\/\/saxandale.info\/wp-content\/uploads\/2025\/09\/IMG_3652-768x576.jpeg 768w, https:\/\/saxandale.info\/wp-content\/uploads\/2025\/09\/IMG_3652-1536x1152.jpeg 1536w, https:\/\/saxandale.info\/wp-content\/uploads\/2025\/09\/IMG_3652-2048x1536.jpeg 2048w\" sizes=\"(max-width: 2560px) 100vw, 2560px\" \/>\t\t\t\t\t\t\t\t\t\t\t\t\t\t\t<\/div>\n\t\t\t\t\t<\/div>\n\t\t\t\t<\/div>\n\t\t<div class=\"elementor-element elementor-element-cbaf4f6 e-flex e-con-boxed e-con e-parent\" data-id=\"cbaf4f6\" data-element_type=\"container\" data-e-type=\"container\">\n\t\t\t\t\t<div class=\"e-con-inner\">\n\t\t\t\t<div class=\"elementor-element elementor-element-f3c7e90 elementor-widget elementor-widget-heading\" data-id=\"f3c7e90\" data-element_type=\"widget\" data-e-type=\"widget\" data-widget_type=\"heading.default\">\n\t\t\t\t\t<h3 class=\"elementor-heading-title elementor-size-default\">Quelques informations suppl\u00e9mentaires sur notre carri\u00e8re ?<\/h3>\t\t\t\t<\/div>\n\t\t\t\t\t<\/div>\n\t\t\t\t<\/div>\n\t\t<div class=\"elementor-element elementor-element-6003525 e-flex e-con-boxed e-con e-parent\" data-id=\"6003525\" data-element_type=\"container\" data-e-type=\"container\">\n\t\t\t\t\t<div class=\"e-con-inner\">\n\t\t<div class=\"elementor-element elementor-element-3b3d156 e-con-full e-flex e-con e-child\" data-id=\"3b3d156\" data-element_type=\"container\" data-e-type=\"container\">\n\t\t\t\t<div class=\"elementor-element elementor-element-fc923fe premium-floating-effects-yes elementor-widget elementor-widget-image\" data-id=\"fc923fe\" data-element_type=\"widget\" data-e-type=\"widget\" data-settings=\"{&quot;premium_fe_scale_switcher&quot;:&quot;yes&quot;,&quot;premium_fe_Xscale&quot;:{&quot;unit&quot;:&quot;px&quot;,&quot;size&quot;:&quot;&quot;,&quot;sizes&quot;:{&quot;from&quot;:0.8000000000000000444089209850062616169452667236328125,&quot;to&quot;:1}},&quot;premium_fe_Yscale&quot;:{&quot;unit&quot;:&quot;px&quot;,&quot;size&quot;:&quot;&quot;,&quot;sizes&quot;:{&quot;from&quot;:0.8000000000000000444089209850062616169452667236328125,&quot;to&quot;:1}},&quot;premium_fe_scale_duration&quot;:{&quot;unit&quot;:&quot;px&quot;,&quot;size&quot;:1700,&quot;sizes&quot;:[]},&quot;premium_fe_scale_delay&quot;:{&quot;unit&quot;:&quot;px&quot;,&quot;size&quot;:0,&quot;sizes&quot;:[]},&quot;premium_fe_trigger&quot;:&quot;load&quot;,&quot;premium_fe_direction&quot;:&quot;alternate&quot;,&quot;premium_fe_loop&quot;:&quot;default&quot;,&quot;premium_fe_easing&quot;:&quot;easeInOutSine&quot;}\" data-widget_type=\"image.default\">\n\t\t\t\t\t\t\t\t\t\t\t\t\t\t\t\t<a href=\"https:\/\/saxandale.info\/index.php\/resultats\/\">\n\t\t\t\t\t\t\t<img decoding=\"async\" width=\"800\" height=\"450\" src=\"https:\/\/saxandale.info\/wp-content\/uploads\/2025\/11\/Resultats-16-9-x-pagina-bio-1024x576.jpg\" class=\"attachment-large size-large wp-image-473\" alt=\"\" srcset=\"https:\/\/saxandale.info\/wp-content\/uploads\/2025\/11\/Resultats-16-9-x-pagina-bio-1024x576.jpg 1024w, https:\/\/saxandale.info\/wp-content\/uploads\/2025\/11\/Resultats-16-9-x-pagina-bio-300x169.jpg 300w, https:\/\/saxandale.info\/wp-content\/uploads\/2025\/11\/Resultats-16-9-x-pagina-bio-768x432.jpg 768w, https:\/\/saxandale.info\/wp-content\/uploads\/2025\/11\/Resultats-16-9-x-pagina-bio-1536x864.jpg 1536w, https:\/\/saxandale.info\/wp-content\/uploads\/2025\/11\/Resultats-16-9-x-pagina-bio.jpg 1920w\" sizes=\"(max-width: 800px) 100vw, 800px\" \/>\t\t\t\t\t\t\t\t<\/a>\n\t\t\t\t\t\t\t\t\t\t\t\t\t\t\t<\/div>\n\t\t\t\t<\/div>\n\t\t<div class=\"elementor-element elementor-element-b21fbfd e-con-full e-flex e-con e-child\" data-id=\"b21fbfd\" data-element_type=\"container\" data-e-type=\"container\">\n\t\t\t\t<div class=\"elementor-element elementor-element-ecd39ba premium-floating-effects-yes elementor-widget elementor-widget-image\" data-id=\"ecd39ba\" data-element_type=\"widget\" data-e-type=\"widget\" data-settings=\"{&quot;premium_fe_scale_switcher&quot;:&quot;yes&quot;,&quot;premium_fe_Xscale&quot;:{&quot;unit&quot;:&quot;px&quot;,&quot;size&quot;:&quot;&quot;,&quot;sizes&quot;:{&quot;from&quot;:0.8000000000000000444089209850062616169452667236328125,&quot;to&quot;:1}},&quot;premium_fe_Yscale&quot;:{&quot;unit&quot;:&quot;px&quot;,&quot;size&quot;:&quot;&quot;,&quot;sizes&quot;:{&quot;from&quot;:0.8000000000000000444089209850062616169452667236328125,&quot;to&quot;:1}},&quot;premium_fe_scale_duration&quot;:{&quot;unit&quot;:&quot;px&quot;,&quot;size&quot;:1700,&quot;sizes&quot;:[]},&quot;premium_fe_trigger&quot;:&quot;load&quot;,&quot;premium_fe_scale_delay&quot;:{&quot;unit&quot;:&quot;px&quot;,&quot;size&quot;:&quot;&quot;,&quot;sizes&quot;:[]},&quot;premium_fe_direction&quot;:&quot;alternate&quot;,&quot;premium_fe_loop&quot;:&quot;default&quot;,&quot;premium_fe_easing&quot;:&quot;easeInOutSine&quot;}\" data-widget_type=\"image.default\">\n\t\t\t\t\t\t\t\t\t\t\t\t\t\t\t\t<a href=\"https:\/\/saxandale.info\/index.php\/festival_et_workshops\/\">\n\t\t\t\t\t\t\t<img decoding=\"async\" width=\"800\" height=\"450\" src=\"https:\/\/saxandale.info\/wp-content\/uploads\/2025\/11\/Festivals-Workshops-16-9-x-pagina-bio-1024x576.jpg\" class=\"attachment-large size-large wp-image-472\" alt=\"\" srcset=\"https:\/\/saxandale.info\/wp-content\/uploads\/2025\/11\/Festivals-Workshops-16-9-x-pagina-bio-1024x576.jpg 1024w, https:\/\/saxandale.info\/wp-content\/uploads\/2025\/11\/Festivals-Workshops-16-9-x-pagina-bio-300x169.jpg 300w, https:\/\/saxandale.info\/wp-content\/uploads\/2025\/11\/Festivals-Workshops-16-9-x-pagina-bio-768x432.jpg 768w, https:\/\/saxandale.info\/wp-content\/uploads\/2025\/11\/Festivals-Workshops-16-9-x-pagina-bio-1536x864.jpg 1536w, https:\/\/saxandale.info\/wp-content\/uploads\/2025\/11\/Festivals-Workshops-16-9-x-pagina-bio.jpg 1920w\" sizes=\"(max-width: 800px) 100vw, 800px\" \/>\t\t\t\t\t\t\t\t<\/a>\n\t\t\t\t\t\t\t\t\t\t\t\t\t\t\t<\/div>\n\t\t\t\t<\/div>\n\t\t\t\t\t<\/div>\n\t\t\t\t<\/div>\n\t\t<div class=\"elementor-element elementor-element-e6a9fa1 e-flex e-con-boxed e-con e-parent\" data-id=\"e6a9fa1\" data-element_type=\"container\" data-e-type=\"container\">\n\t\t\t\t\t<div class=\"e-con-inner\">\n\t\t\t\t<div class=\"elementor-element elementor-element-1980989 elementor-widget elementor-widget-spacer\" data-id=\"1980989\" data-element_type=\"widget\" data-e-type=\"widget\" data-widget_type=\"spacer.default\">\n\t\t\t\t\t\t\t<div class=\"elementor-spacer\">\n\t\t\t<div class=\"elementor-spacer-inner\"><\/div>\n\t\t<\/div>\n\t\t\t\t\t\t<\/div>\n\t\t\t\t\t<\/div>\n\t\t\t\t<\/div>\n\t\t\t\t<\/div>\n\t\t","protected":false},"excerpt":{"rendered":"<p>Sax &amp; Ale &#8211; Biographie Professeurs m\u00e9ticuleux et passionn\u00e9s, amoureux du jazz traditionnel de La Nouvelle-Orl\u00e9ans jusqu\u2019au jazz moderne, fascin\u00e9s par tous les mouvements que l\u2019on peut exprimer sur la musique swing, Sacha et Alessandra Alvisi \u2013 alias Sax &amp; Ale \u2013 consacrent leur vie au Lindy Hop depuis 2009. Leur histoire artistique d\u00e9bute au [&hellip;]<\/p>\n","protected":false},"author":1,"featured_media":0,"parent":0,"menu_order":0,"comment_status":"closed","ping_status":"closed","template":"","meta":{"footnotes":""},"class_list":["post-39","page","type-page","status-publish","hentry"],"_links":{"self":[{"href":"https:\/\/saxandale.info\/index.php\/wp-json\/wp\/v2\/pages\/39","targetHints":{"allow":["GET"]}}],"collection":[{"href":"https:\/\/saxandale.info\/index.php\/wp-json\/wp\/v2\/pages"}],"about":[{"href":"https:\/\/saxandale.info\/index.php\/wp-json\/wp\/v2\/types\/page"}],"author":[{"embeddable":true,"href":"https:\/\/saxandale.info\/index.php\/wp-json\/wp\/v2\/users\/1"}],"replies":[{"embeddable":true,"href":"https:\/\/saxandale.info\/index.php\/wp-json\/wp\/v2\/comments?post=39"}],"version-history":[{"count":35,"href":"https:\/\/saxandale.info\/index.php\/wp-json\/wp\/v2\/pages\/39\/revisions"}],"predecessor-version":[{"id":511,"href":"https:\/\/saxandale.info\/index.php\/wp-json\/wp\/v2\/pages\/39\/revisions\/511"}],"wp:attachment":[{"href":"https:\/\/saxandale.info\/index.php\/wp-json\/wp\/v2\/media?parent=39"}],"curies":[{"name":"wp","href":"https:\/\/api.w.org\/{rel}","templated":true}]}}