{"id":481,"date":"2025-11-28T14:24:03","date_gmt":"2025-11-28T13:24:03","guid":{"rendered":"https:\/\/saxandale.info\/?page_id=481"},"modified":"2025-11-28T14:51:08","modified_gmt":"2025-11-28T13:51:08","slug":"resultats","status":"publish","type":"page","link":"https:\/\/saxandale.info\/index.php\/resultats\/","title":{"rendered":"R\u00e9sultats"},"content":{"rendered":"\t\t<div data-elementor-type=\"wp-page\" data-elementor-id=\"481\" class=\"elementor elementor-481\">\n\t\t\t\t<div class=\"elementor-element elementor-element-563fca2f e-flex e-con-boxed e-con e-parent\" data-id=\"563fca2f\" data-element_type=\"container\" data-e-type=\"container\">\n\t\t\t\t\t<div class=\"e-con-inner\">\n\t\t\t\t<div class=\"elementor-element elementor-element-19337d1f elementor-widget elementor-widget-spacer\" data-id=\"19337d1f\" data-element_type=\"widget\" data-e-type=\"widget\" data-widget_type=\"spacer.default\">\n\t\t\t\t\t\t\t<div class=\"elementor-spacer\">\n\t\t\t<div class=\"elementor-spacer-inner\"><\/div>\n\t\t<\/div>\n\t\t\t\t\t\t<\/div>\n\t\t\t\t<div class=\"elementor-element elementor-element-797204e8 elementor-widget elementor-widget-heading\" data-id=\"797204e8\" data-element_type=\"widget\" data-e-type=\"widget\" data-widget_type=\"heading.default\">\n\t\t\t\t\t<h1 class=\"elementor-heading-title elementor-size-default\">Comp\u00e9titions en solo, en couple et en \u00e9quipe<\/h1>\t\t\t\t<\/div>\n\t\t\t\t<div class=\"elementor-element elementor-element-2b39f318 elementor-widget elementor-widget-text-editor\" data-id=\"2b39f318\" data-element_type=\"widget\" data-e-type=\"widget\" data-widget_type=\"text-editor.default\">\n\t\t\t\t\t\t\t\t\t<p>Au cours de nos vies \u00ab avant d&#8217;\u00eatre Sax &amp; Ale \u00bb, nous avons particip\u00e9 \u00e0 des centaines de comp\u00e9titions, en Italie et \u00e0 l&#8217;\u00e9tranger.<\/p><p>\u00c0 l&#8217;\u00e9poque, les r\u00e9sultats semblaient tr\u00e8s importants : nous passions des heures et des heures \u00e0 nous entra\u00eener, \u00e0 nous perfectionner, \u00e0 nous pr\u00e9parer pour donner le meilleur de nous-m\u00eames lors des comp\u00e9titions. Nous pensions que la valeur de notre danse passait par l\u00e0.<\/p><p><strong>Mais avec le temps, quelque chose a chang\u00e9.<\/strong><\/p><p>Des ann\u00e9es plus tard, lorsque nous sommes devenus un couple artistique, cette attention presque obsessionnelle pour les classements a commenc\u00e9 \u00e0 s&#8217;estomper. Nous avons r\u00e9alis\u00e9 que ce qui \u00e9tait vraiment pr\u00e9cieux, ce n&#8217;\u00e9tait pas la place sur le podium, mais la possibilit\u00e9 de partager notre passion avec le plus grand nombre de personnes possible.<\/p><p>Nous avons continu\u00e9 \u00e0 participer \u00e0 des comp\u00e9titions, surtout apr\u00e8s notre d\u00e9m\u00e9nagement en France, mais la comp\u00e9tition n&#8217;\u00e9tait plus qu&#8217;un moyen parmi d&#8217;autres de progresser, de nous faire conna\u00eetre et de partager notre vision du Swing.<\/p><p>Aujourd&#8217;hui, nous sommes profond\u00e9ment convaincus d&#8217;une chose : <strong>les r\u00e9sultats ne nous d\u00e9finissent pas, ni en tant que danseurs ni en tant que professeurs.<\/strong><\/p><p>Ils ne sont qu&#8217;une petite partie de notre parcours, pas son essence.<\/p><p>Et c&#8217;est pr\u00e9cis\u00e9ment parce qu&#8217;ils font partie de notre histoire \u2014 et uniquement pour cette raison \u2014 que nous les partageons avec vous.<\/p><p><!-- \/wp:separator --><!-- wp:image {\"id\":40,\"sizeSlug\":\"large\",\"linkDestination\":\"none\"} --><\/p><figure class=\"wp-block-image size-large\"><\/figure><p><!-- \/wp:image --><\/p>\t\t\t\t\t\t\t\t<\/div>\n\t\t\t\t<div class=\"elementor-element elementor-element-81ea6cc elementor-widget elementor-widget-heading\" data-id=\"81ea6cc\" data-element_type=\"widget\" data-e-type=\"widget\" data-widget_type=\"heading.default\">\n\t\t\t\t\t<h3 class=\"elementor-heading-title elementor-size-default\">Nos r\u00e9sultats<\/h3>\t\t\t\t<\/div>\n\t\t\t\t\t<\/div>\n\t\t\t\t<\/div>\n\t\t<div class=\"elementor-element elementor-element-e29efe5 e-flex e-con-boxed e-con e-parent\" data-id=\"e29efe5\" data-element_type=\"container\" data-e-type=\"container\">\n\t\t\t\t\t<div class=\"e-con-inner\">\n\t\t<div class=\"elementor-element elementor-element-1ba07dc e-con-full e-flex e-con e-child\" data-id=\"1ba07dc\" data-element_type=\"container\" data-e-type=\"container\">\n\t\t\t\t<div class=\"elementor-element elementor-element-3d73c08 elementor-widget elementor-widget-text-editor\" data-id=\"3d73c08\" data-element_type=\"widget\" data-e-type=\"widget\" data-widget_type=\"text-editor.default\">\n\t\t\t\t\t\t\t\t\t<p><strong>2022<\/strong><\/p><ul><li><strong>\u00a02<sup>nd<\/sup> PLACE <\/strong>Solo Charleston @ Jazz Roots 2017 (Paris \u2013 FRANCE) Ale Solo<\/li><\/ul><p><strong>2017<\/strong><\/p><ul><li>\u00a0<strong>1st PLACE<\/strong> Solo Charleston @ Jazz Roots 2017 (Paris \u2013 FRANCE) Ale Solo<\/li><\/ul><p><strong>2016<\/strong><\/p><ul><li>\u00a0<strong>1st PLACE<\/strong> CHARLESTON Team division @ CRC 2016 (Toulouse \u2013 FRANCE) SwingJammerz Team<\/li><li>\u00a0<strong>2nd PLACE<\/strong> LINDY STRICTLY @ CRC2016 (Toulouse \u2013 France)<\/li><li>\u00a0<strong>2nd PLACE<\/strong> LINDY Team Division @ CRC 2016 (Toulouse \u2013 FRANCE) SwingJammerz Team<\/li><li>\u00a0<strong>3rd PLACE<\/strong> LINDY SHOWCASE @ CRC 2016 (Toulouse \u2013 FRANCE)<\/li><li>\u00a0<strong>3rd PLACE<\/strong> LINDY JACK &amp; JILL @ CRC 2016 (Toulouse \u2013 FRANCE) Ale Solo<\/li><\/ul><p><strong>2015<\/strong><\/p><ul><li>\u00a0<strong>1st PLACE<\/strong> LINDY JACK &amp; JILL @ GSDF 2015 (Grenoble \u2013 FRANCE) Sax solo<\/li><li>\u00a0<strong>3rd PLACE<\/strong> LINDY JACK &amp; JILL @ GSDF 2015 (Grenoble \u2013 FRANCE) Ale solo<\/li><li>\u00a0<strong>1st PLACE<\/strong> LINDY JACK &amp; JILL @ PSF 2015 (Aix en Provence \u2013 FRANCE) Sax solo<\/li><li>\u00a0<strong>1st PLACE<\/strong> LINDY STRICTLY @ PFS 2015 (Aix en Provence \u2013 FRANCE)<\/li><li>\u00a0<strong>FINAL<\/strong> NINJACK &amp; JILL @ MSJF 2015 (Montpellier \u2013 FRANCE) Sax solo<\/li><li>\u00a0<strong>3rd PLACE<\/strong> CHARLESTON SOLO @ CRC 2015 (Toulouse \u2013 FRANCE) Ale solo<\/li><li>\u00a0<strong>2nd PLACE<\/strong> LINDY Team division @ CRC 2015 (Toulouse \u2013 FRANCE) SwingJammerz Team<\/li><li>\u00a0<strong>3rd PLACE<\/strong> CHARLESTON Team division @ CRC 2015 (Toulouse \u2013 FRANCE) SwingJammerz Team<\/li><\/ul>\t\t\t\t\t\t\t\t<\/div>\n\t\t\t\t<\/div>\n\t\t<div class=\"elementor-element elementor-element-5154d55 e-con-full e-flex e-con e-child\" data-id=\"5154d55\" data-element_type=\"container\" data-e-type=\"container\">\n\t\t\t\t<div class=\"elementor-element elementor-element-07ee9a9 elementor-widget elementor-widget-text-editor\" data-id=\"07ee9a9\" data-element_type=\"widget\" data-e-type=\"widget\" data-widget_type=\"text-editor.default\">\n\t\t\t\t\t\t\t\t\t<p><strong>2014<\/strong><\/p><ul><li>\u00a0<strong>2nd PLACE<\/strong> LINDY STRICTLY @ SWING\u2019N\u2019MILAN 2014 (Milano \u2013 ITALY)<\/li><li>\u00a0<strong>1st PLACE<\/strong> INVITATIONAL JACK &amp; JILL @ WLHX 2014 (Warsaw \u2013 POLAND)<\/li><\/ul><p><strong>2013<\/strong><\/p><ul><li>\u00a0<strong>1st PLACE<\/strong> LINDY STRICTLY @ SWINGVILLE 2013 (Roma \u2013 ITALY)<\/li><li>\u00a0<strong>1st PLACE<\/strong> LINDY STRICTLY @ PSF 2013 (Parma \u2013Italy)<\/li><\/ul><p><strong>2012<\/strong><\/p><ul><li>\u00a0<strong>3rd PLACE<\/strong> NINJACK &amp; JILL @ MSJF 2012 (Montpellier \u2013 FRANCE) Sax solo<\/li><li><strong>\u00a01st PLACE<\/strong> LINDY JACK &amp; JILL @ SNFI 2012 (Bologna &#8211; ITALY)\u00a0\u00a0 Ale solo<\/li><li><strong>\u00a03rd PLACE<\/strong> LINDY JACK &amp; JILL @ SNFI 2012 (Bologna &#8211; ITALY) Sax solo<\/li><li><strong>\u00a02nd PLACE <\/strong>CHARLESTON SOLO @ SNFI 2012 (Bologna &#8211; ITALY) Ale solo<\/li><\/ul><p>\u200b<\/p><p><strong>2011<\/strong><\/p><ul><li><strong>\u00a01st PLACE<\/strong> LINDY SHOWCASE Couple Division @ SBSF 2011 (Bologna &#8211; ITALY)<\/li><li><strong>\u00a01st PLACE<\/strong> LINDY SHOWCASE Team Division @ SBSF 2011 (Bologna &#8211; ITALY) Wops Team<\/li><li><strong>\u00a03rd PLACE<\/strong> LINDY JACK &amp; JILL @ SBSF 2011 (Bologna &#8211; ITALY) Ale solo<\/li><\/ul>\t\t\t\t\t\t\t\t<\/div>\n\t\t\t\t<\/div>\n\t\t\t\t\t<\/div>\n\t\t\t\t<\/div>\n\t\t<div class=\"elementor-element elementor-element-23346975 e-flex e-con-boxed e-con e-parent\" data-id=\"23346975\" data-element_type=\"container\" data-e-type=\"container\">\n\t\t\t\t\t<div class=\"e-con-inner\">\n\t\t\t\t<div class=\"elementor-element elementor-element-6e753e3 elementor-widget elementor-widget-spacer\" data-id=\"6e753e3\" data-element_type=\"widget\" data-e-type=\"widget\" data-widget_type=\"spacer.default\">\n\t\t\t\t\t\t\t<div class=\"elementor-spacer\">\n\t\t\t<div class=\"elementor-spacer-inner\"><\/div>\n\t\t<\/div>\n\t\t\t\t\t\t<\/div>\n\t\t\t\t\t<\/div>\n\t\t\t\t<\/div>\n\t\t\t\t<\/div>\n\t\t","protected":false},"excerpt":{"rendered":"<p>Comp\u00e9titions en solo, en couple et en \u00e9quipe Au cours de nos vies \u00ab avant d&#8217;\u00eatre Sax &amp; Ale \u00bb, nous avons particip\u00e9 \u00e0 des centaines de comp\u00e9titions, en Italie et \u00e0 l&#8217;\u00e9tranger. \u00c0 l&#8217;\u00e9poque, les r\u00e9sultats semblaient tr\u00e8s importants : nous passions des heures et des heures \u00e0 nous entra\u00eener, \u00e0 nous perfectionner, \u00e0 [&hellip;]<\/p>\n","protected":false},"author":1,"featured_media":0,"parent":0,"menu_order":0,"comment_status":"closed","ping_status":"closed","template":"","meta":{"footnotes":""},"class_list":["post-481","page","type-page","status-publish","hentry"],"_links":{"self":[{"href":"https:\/\/saxandale.info\/index.php\/wp-json\/wp\/v2\/pages\/481","targetHints":{"allow":["GET"]}}],"collection":[{"href":"https:\/\/saxandale.info\/index.php\/wp-json\/wp\/v2\/pages"}],"about":[{"href":"https:\/\/saxandale.info\/index.php\/wp-json\/wp\/v2\/types\/page"}],"author":[{"embeddable":true,"href":"https:\/\/saxandale.info\/index.php\/wp-json\/wp\/v2\/users\/1"}],"replies":[{"embeddable":true,"href":"https:\/\/saxandale.info\/index.php\/wp-json\/wp\/v2\/comments?post=481"}],"version-history":[{"count":7,"href":"https:\/\/saxandale.info\/index.php\/wp-json\/wp\/v2\/pages\/481\/revisions"}],"predecessor-version":[{"id":489,"href":"https:\/\/saxandale.info\/index.php\/wp-json\/wp\/v2\/pages\/481\/revisions\/489"}],"wp:attachment":[{"href":"https:\/\/saxandale.info\/index.php\/wp-json\/wp\/v2\/media?parent=481"}],"curies":[{"name":"wp","href":"https:\/\/api.w.org\/{rel}","templated":true}]}}